{"id":835,"date":"2019-11-13T13:06:28","date_gmt":"2019-11-13T18:06:28","guid":{"rendered":"http:\/\/villapalmbayguadeloupe.com\/?page_id=835"},"modified":"2026-04-07T11:02:43","modified_gmt":"2026-04-07T15:02:43","slug":"offers","status":"publish","type":"page","link":"https:\/\/villapalmbayguadeloupe.com\/fr\/reservation-villa-palm-bay\/offers\/","title":{"rendered":"Offres"},"content":{"rendered":"<h1 class=\"wp-block-heading has-text-align-center\">Un cadeau pour vous!<\/h1>\n\n\n\n<p class=\"has-text-align-center has-medium-font-size\">Nous offrons \u00e0 nos clients le meilleur rapport qualit\u00e9-prix possible en mati\u00e8re de location de vacances Villa Palm Bay\u00a0! <\/p>\n\n\n\n<p class=\"has-text-align-center has-medium-font-size\"><em>Ces offres ne dureront pas longtemps. La disponibilit\u00e9 est limit\u00e9e, alors assurez-vous de r\u00e9server votre maison de vacances d\u00e8s que possible.<\/em> <\/p>\n\n\n\n<p class=\"has-text-align-center\">*Veuillez noter que les r\u00e9ductions de tarifs et les offres sp\u00e9ciales ne sont disponibles que pour les nouvelles r\u00e9servations (non r\u00e9troactives).<\/p>\n\n\n\n<div style=\"height:27px\" aria-hidden=\"true\" class=\"wp-block-spacer\"><\/div>\n\n\n<div class=\"row\">\n\n                 \n<div class=\"col-md-6\">\n\n                 \n<h1>Last Minute MAY 2026<\/h1>\n<p>Enjoy a last minute deal for a reservation of 5 nights minimum during the period from May 2rd 2026 to May 9th 2026.<\/p>\n<div class=\"promo-box clearfix\">\n\t            \n\t                <div class=\"promo-title\"><h2>SPECIAL DERNIERE MINUTE<\/h2><\/div>\n\t            \n\t                <div class=\"promo-content\">\n\t                    \n\t                    \n<ul>\n<li>Stay at least 5 nights at Villa Palm Bay<\/li>\n<li>Reservation en direct sur notre site<\/li>\n<li>Valable sur le prix des nuits uniquement<\/li>\n<li>Reservez maintenant<\/li>\n<p><img loading=\"lazy\" decoding=\"async\" class=\"alignnone wp-image-99\" src=\"https:\/\/villapalmbayguadeloupe.com\/wp-content\/uploads\/2023\/02\/SOLDOUT-scaled.jpeg\" alt=\"nearest beach\" width=\"735\" height=\"337\"> Offre non cumulable. Peut \u00eatre soumis \u00e0 restriction. Voir conditions compl\u00e8tes.*\n<\/ul>\n\n\t                    \n\t                <\/div>\n\t                \n\t                <p class=\"promo-price\">\n\t                    <span class=\"currency\">%<\/span><span class=\"cost\">10<\/span>\n\t                <\/p>\n\t            \n\t            <\/div>\n\n\t            \n\t           <!-- END .col -->\n\t           <\/div>\n<div class=\"col-md-6\">\n\n                 \n<h1>\"EARLY BIRD DEAL\"<\/h1>\n<p>Plan your trip at least 12 month ahead and receive a 10% discount on your reservation of  7 nights minimum.<\/p>\n<div class=\"promo-box clearfix\">\n\t            \n\t                <div class=\"promo-title\"><h2>Early Bird<\/h2><\/div>\n\t            \n\t                <div class=\"promo-content\">\n\t                    \n\t                    \n<ul>\n<li>Book at least 12 months before your arrival<\/li>\n<li>S\u00e9jour de 7 nuits minimum<\/li>\n<li>Reservation en direct sur notre site<\/li>\n<li>Ne s'applique pas \u00e0 certaines dates<\/li>\n<p><img loading=\"lazy\" decoding=\"async\" class=\"alignnone wp-image-100\" src=\"https:\/\/villapalmbayguadeloupe.com\/wp-content\/uploads\/2023\/02\/early-bird-10-scaled.jpeg\" alt=\"nearest rest\" width=\"900\" height=\"400\">Offre non cumulable. Peut \u00eatre soumis \u00e0 restriction. Voir conditions compl\u00e8tes.*\n<\/ul>\n\n\t                    \n\t                <\/div>\n\t                \n\t                <p class=\"promo-price\">\n\t                    <span class=\"currency\">%<\/span><span class=\"cost\">10<\/span>\n\t                <\/p>\n\t            \n\t            <\/div>\n\n\t            \n\t           <!-- END .col -->\n\t           <\/div>\n\n\t            \n\t           <!-- END .row -->\n\t           <\/div>\n<div class=\"row\">\n\n                 \n<div class=\"col-md-6\">\n\n                 \n<h1>Louez votre voiture \u00e0 moindre prix<\/h1>\n<p>B\u00e9n\u00e9ficiez d'un tarif pr\u00e9f\u00e9rentiel pour une location de voiture avec notre partenaire.<\/p>\n<div class=\"promo-box clearfix\">\n\t            \n\t                <div class=\"promo-title\"><h2>Offre sp\u00e9ciale pour votre location de voiture<\/h2><\/div>\n\t            \n\t                <div class=\"promo-content\">\n\t                    \n\t                    \n<ul>\n<li>Visitez www.europcar-guadeloupe.com\/palmbay<\/li>\n<li>Utilisez le code promo palmbay<\/li>\n<li>Recevez 5% de remise<\/li>\n<p><a href=\"https:\/\/www.europcar-guadeloupe.com\/?partenaire=palmbay\" target=\"_blank\" rel=\"noopener noreferrer\"><img loading=\"lazy\" decoding=\"async\" class=\"alignnone wp-image-99\" src=\"https:\/\/villapalmbayguadeloupe.com\/wp-content\/uploads\/2020\/02\/europcar-coupon-palmbay.jpg\" alt=\"nearest beach\" width=\"490\" height=\"225\"><br \/>\n<\/a><\/ul>\n\n\t                    \n\t                <\/div>\n\t                \n\t                <p class=\"promo-price\">\n\t                    <span class=\"currency\">up to %<\/span><span class=\"cost\">5<\/span>\n\t                <\/p>\n\t            \n\t            <\/div>\n\n\t            \n\t           <!-- END .col -->\n\t           <\/div>\n<div class=\"col-md-6\">\n\n                 \n<h1>Louez votre voiture \u00e0 moindre prix<\/h1>\n<p>B\u00e9n\u00e9ficiez d'un tarif pr\u00e9f\u00e9rentiel pour une location de voiture avec notre partenaire.<\/p>\n<div class=\"promo-box clearfix\">\n\t            \n\t                <div class=\"promo-title\"><h2>Offre sp\u00e9ciale pour votre location de voiture<\/h2><\/div>\n\t            \n\t                <div class=\"promo-content\">\n\t                    \n\t                    \n<ul>\n<li>Visitez www.rentacarguadeloupe.fr\/?partenaire=palmbay<\/li>\n<li>Utilisez le code promo palmbay<\/li>\n<p><a href=\"https:\/\/www.rentacarguadeloupe.fr\/?partenaire=palmbay\" target=\"_blank\" rel=\"noopener noreferrer\"><img loading=\"lazy\" decoding=\"async\" class=\"alignnone wp-image-99\" src=\"https:\/\/villapalmbayguadeloupe.com\/wp-content\/uploads\/2021\/05\/Rental-Car-promo-Guadeloupe-scaled.jpeg\" alt=\"nearest beach\" width=\"490\" height=\"225\"><br \/>\n<\/a><\/ul>\n\n\t                    \n\t                <\/div>\n\t                \n\t                <p class=\"promo-price\">\n\t                    <span class=\"currency\">up to %<\/span><span class=\"cost\">5<\/span>\n\t                <\/p>\n\t            \n\t            <\/div>\n\n\t            \n\t           <!-- END .col -->\n\t           <\/div>\n\n\t            \n\t           <!-- END .row -->\n\t           <\/div>\n\n\n\n<div style=\"height:20px\" aria-hidden=\"true\" class=\"wp-block-spacer\"><\/div>\n\n\n\n<h2 class=\"wp-block-heading has-text-align-center\"><a href=\"https:\/\/villapalmbayguadeloupe.com\/fr\/reservation-villa-palm-bay\/\" target=\"_blank\" rel=\"noreferrer noopener\">R\u00e9servez maintenant, ces offres ne dureront pas\u00a0! R\u00e9clamez votre offre\u00a0!<\/a><\/h2>\n\n\n\n<div style=\"height:45px\" aria-hidden=\"true\" class=\"wp-block-spacer\"><\/div>\n\n\n\n<ul class=\"wp-block-list\">\n<li class=\"\"><em>(*) (**)Promotions et offres non cumulables avec d'autres offres promotionnelles ou remises. Les r\u00e9ductions sont valables uniquement sur nos tarifs de nuit, ne s'appliquent pas aux autres frais ou taxes. Offres valables pour un s\u00e9jour de 7 nuits minimum. Les offres ne sont valables que pour les r\u00e9servations effectu\u00e9es directement aupr\u00e8s de nous, et non par l'interm\u00e9diaire d'un tiers. Des dates d'interdiction s'appliquent. Des conditions particuli\u00e8res de paiement et d'annulation peuvent s'appliquer. D'autres restrictions peuvent s'appliquer. Contactez-nous pour plus de d\u00e9tails. <\/em><\/li>\n<\/ul>","protected":false},"excerpt":{"rendered":"<p>Our gift for you! We offer our guests the best possible value on Villa Palm Bay vacation rental! These offers won&#8217;t last long. Availability is limited, so be sure to reserve your vacation home as soon as possible. *Please note that Rate Reductions and Special Offers are only available for [&hellip;]<\/p>\n","protected":false},"author":1,"featured_media":0,"parent":152,"menu_order":0,"comment_status":"closed","ping_status":"closed","template":"","meta":{"footnotes":""},"class_list":["post-835","page","type-page","status-publish","hentry"],"yoast_head":"<!-- This site is optimized with the Yoast SEO plugin v27.6 - https:\/\/yoast.com\/product\/yoast-seo-wordpress\/ -->\n<title>Villa Palm Bay Deshaies Guadeloupe best value offers<\/title>\n<meta name=\"description\" content=\"Check our best value offers and book direct. Book Top Vacation Home Rental in Deshaies Guadeloupe. Book Now &amp; Save! Best Rate Guarantee.\" \/>\n<meta name=\"robots\" content=\"index, follow, max-snippet:-1, max-image-preview:large, max-video-preview:-1\" \/>\n<link rel=\"canonical\" href=\"https:\/\/villapalmbayguadeloupe.com\/fr\/reservation-villa-palm-bay\/offers\/\" \/>\n<meta property=\"og:locale\" content=\"fr_FR\" \/>\n<meta property=\"og:type\" content=\"article\" \/>\n<meta property=\"og:title\" content=\"Villa Palm Bay Deshaies Guadeloupe best value offers\" \/>\n<meta property=\"og:description\" content=\"Check our best value offers and book direct. Book Top Vacation Home Rental in Deshaies Guadeloupe. Book Now &amp; Save! Best Rate Guarantee.\" \/>\n<meta property=\"og:url\" content=\"https:\/\/villapalmbayguadeloupe.com\/fr\/reservation-villa-palm-bay\/offers\/\" \/>\n<meta property=\"og:site_name\" content=\"VillaPalmBay\" \/>\n<meta property=\"article:modified_time\" content=\"2026-04-07T15:02:43+00:00\" \/>\n<meta property=\"og:image\" content=\"https:\/\/villapalmbayguadeloupe.com\/wp-content\/uploads\/2023\/02\/SOLDOUT-scaled.jpeg\" \/>\n<meta name=\"twitter:card\" content=\"summary_large_image\" \/>\n<meta name=\"twitter:label1\" content=\"Dur\u00e9e de lecture estim\u00e9e\" \/>\n\t<meta name=\"twitter:data1\" content=\"3 minutes\" \/>\n<script type=\"application\/ld+json\" class=\"yoast-schema-graph\">{\"@context\":\"https:\\\/\\\/schema.org\",\"@graph\":[{\"@type\":\"WebPage\",\"@id\":\"https:\\\/\\\/villapalmbayguadeloupe.com\\\/reservation-villa-palm-bay\\\/offers\\\/\",\"url\":\"https:\\\/\\\/villapalmbayguadeloupe.com\\\/reservation-villa-palm-bay\\\/offers\\\/\",\"name\":\"Villa Palm Bay Deshaies Guadeloupe best value offers\",\"isPartOf\":{\"@id\":\"https:\\\/\\\/villapalmbayguadeloupe.com\\\/#website\"},\"primaryImageOfPage\":{\"@id\":\"https:\\\/\\\/villapalmbayguadeloupe.com\\\/reservation-villa-palm-bay\\\/offers\\\/#primaryimage\"},\"image\":{\"@id\":\"https:\\\/\\\/villapalmbayguadeloupe.com\\\/reservation-villa-palm-bay\\\/offers\\\/#primaryimage\"},\"thumbnailUrl\":\"https:\\\/\\\/villapalmbayguadeloupe.com\\\/wp-content\\\/uploads\\\/2023\\\/02\\\/SOLDOUT-scaled.jpeg\",\"datePublished\":\"2019-11-13T18:06:28+00:00\",\"dateModified\":\"2026-04-07T15:02:43+00:00\",\"description\":\"Check our best value offers and book direct. Book Top Vacation Home Rental in Deshaies Guadeloupe. Book Now & Save! Best Rate Guarantee.\",\"breadcrumb\":{\"@id\":\"https:\\\/\\\/villapalmbayguadeloupe.com\\\/reservation-villa-palm-bay\\\/offers\\\/#breadcrumb\"},\"inLanguage\":\"fr-FR\",\"potentialAction\":[{\"@type\":\"ReadAction\",\"target\":[\"https:\\\/\\\/villapalmbayguadeloupe.com\\\/reservation-villa-palm-bay\\\/offers\\\/\"]}]},{\"@type\":\"ImageObject\",\"inLanguage\":\"fr-FR\",\"@id\":\"https:\\\/\\\/villapalmbayguadeloupe.com\\\/reservation-villa-palm-bay\\\/offers\\\/#primaryimage\",\"url\":\"https:\\\/\\\/villapalmbayguadeloupe.com\\\/wp-content\\\/uploads\\\/2023\\\/02\\\/SOLDOUT-scaled.jpeg\",\"contentUrl\":\"https:\\\/\\\/villapalmbayguadeloupe.com\\\/wp-content\\\/uploads\\\/2023\\\/02\\\/SOLDOUT-scaled.jpeg\"},{\"@type\":\"BreadcrumbList\",\"@id\":\"https:\\\/\\\/villapalmbayguadeloupe.com\\\/reservation-villa-palm-bay\\\/offers\\\/#breadcrumb\",\"itemListElement\":[{\"@type\":\"ListItem\",\"position\":1,\"name\":\"Home\",\"item\":\"https:\\\/\\\/villapalmbayguadeloupe.com\\\/\"},{\"@type\":\"ListItem\",\"position\":2,\"name\":\"Reservation Inquiry\",\"item\":\"https:\\\/\\\/villapalmbayguadeloupe.com\\\/reservation-villa-palm-bay\\\/\"},{\"@type\":\"ListItem\",\"position\":3,\"name\":\"Offers\"}]},{\"@type\":\"WebSite\",\"@id\":\"https:\\\/\\\/villapalmbayguadeloupe.com\\\/#website\",\"url\":\"https:\\\/\\\/villapalmbayguadeloupe.com\\\/\",\"name\":\"Villa Palm Bay\",\"description\":\"\",\"publisher\":{\"@id\":\"https:\\\/\\\/villapalmbayguadeloupe.com\\\/#organization\"},\"potentialAction\":[{\"@type\":\"SearchAction\",\"target\":{\"@type\":\"EntryPoint\",\"urlTemplate\":\"https:\\\/\\\/villapalmbayguadeloupe.com\\\/?s={search_term_string}\"},\"query-input\":{\"@type\":\"PropertyValueSpecification\",\"valueRequired\":true,\"valueName\":\"search_term_string\"}}],\"inLanguage\":\"fr-FR\"},{\"@type\":\"Organization\",\"@id\":\"https:\\\/\\\/villapalmbayguadeloupe.com\\\/#organization\",\"name\":\"villa palm bay guadeloupe\",\"url\":\"https:\\\/\\\/villapalmbayguadeloupe.com\\\/\",\"logo\":{\"@type\":\"ImageObject\",\"inLanguage\":\"fr-FR\",\"@id\":\"https:\\\/\\\/villapalmbayguadeloupe.com\\\/#\\\/schema\\\/logo\\\/image\\\/\",\"url\":\"https:\\\/\\\/villapalmbayguadeloupe.comwp-content\\\/uploads\\\/2015\\\/09\\\/000-236-e1465574945110.jpg\",\"contentUrl\":\"https:\\\/\\\/villapalmbayguadeloupe.comwp-content\\\/uploads\\\/2015\\\/09\\\/000-236-e1465574945110.jpg\",\"width\":1000,\"height\":563,\"caption\":\"villa palm bay guadeloupe\"},\"image\":{\"@id\":\"https:\\\/\\\/villapalmbayguadeloupe.com\\\/#\\\/schema\\\/logo\\\/image\\\/\"},\"sameAs\":[\"https:\\\/\\\/www.instagram.com\\\/villapalmbay\\\/\"]}]}<\/script>\n<!-- \/ Yoast SEO plugin. -->","yoast_head_json":{"title":"Villa Palm Bay Deshaies Guadeloupe best value offers","description":"Check our best value offers and book direct. Book Top Vacation Home Rental in Deshaies Guadeloupe. Book Now & Save! Best Rate Guarantee.","robots":{"index":"index","follow":"follow","max-snippet":"max-snippet:-1","max-image-preview":"max-image-preview:large","max-video-preview":"max-video-preview:-1"},"canonical":"https:\/\/villapalmbayguadeloupe.com\/fr\/reservation-villa-palm-bay\/offers\/","og_locale":"fr_FR","og_type":"article","og_title":"Villa Palm Bay Deshaies Guadeloupe best value offers","og_description":"Check our best value offers and book direct. Book Top Vacation Home Rental in Deshaies Guadeloupe. Book Now & Save! Best Rate Guarantee.","og_url":"https:\/\/villapalmbayguadeloupe.com\/fr\/reservation-villa-palm-bay\/offers\/","og_site_name":"VillaPalmBay","article_modified_time":"2026-04-07T15:02:43+00:00","og_image":[{"url":"https:\/\/villapalmbayguadeloupe.com\/wp-content\/uploads\/2023\/02\/SOLDOUT-scaled.jpeg","type":"","width":"","height":""}],"twitter_card":"summary_large_image","twitter_misc":{"Dur\u00e9e de lecture estim\u00e9e":"3 minutes"},"schema":{"@context":"https:\/\/schema.org","@graph":[{"@type":"WebPage","@id":"https:\/\/villapalmbayguadeloupe.com\/reservation-villa-palm-bay\/offers\/","url":"https:\/\/villapalmbayguadeloupe.com\/reservation-villa-palm-bay\/offers\/","name":"Villa Palm Bay Deshaies Guadeloupe best value offers","isPartOf":{"@id":"https:\/\/villapalmbayguadeloupe.com\/#website"},"primaryImageOfPage":{"@id":"https:\/\/villapalmbayguadeloupe.com\/reservation-villa-palm-bay\/offers\/#primaryimage"},"image":{"@id":"https:\/\/villapalmbayguadeloupe.com\/reservation-villa-palm-bay\/offers\/#primaryimage"},"thumbnailUrl":"https:\/\/villapalmbayguadeloupe.com\/wp-content\/uploads\/2023\/02\/SOLDOUT-scaled.jpeg","datePublished":"2019-11-13T18:06:28+00:00","dateModified":"2026-04-07T15:02:43+00:00","description":"Check our best value offers and book direct. Book Top Vacation Home Rental in Deshaies Guadeloupe. Book Now & Save! Best Rate Guarantee.","breadcrumb":{"@id":"https:\/\/villapalmbayguadeloupe.com\/reservation-villa-palm-bay\/offers\/#breadcrumb"},"inLanguage":"fr-FR","potentialAction":[{"@type":"ReadAction","target":["https:\/\/villapalmbayguadeloupe.com\/reservation-villa-palm-bay\/offers\/"]}]},{"@type":"ImageObject","inLanguage":"fr-FR","@id":"https:\/\/villapalmbayguadeloupe.com\/reservation-villa-palm-bay\/offers\/#primaryimage","url":"https:\/\/villapalmbayguadeloupe.com\/wp-content\/uploads\/2023\/02\/SOLDOUT-scaled.jpeg","contentUrl":"https:\/\/villapalmbayguadeloupe.com\/wp-content\/uploads\/2023\/02\/SOLDOUT-scaled.jpeg"},{"@type":"BreadcrumbList","@id":"https:\/\/villapalmbayguadeloupe.com\/reservation-villa-palm-bay\/offers\/#breadcrumb","itemListElement":[{"@type":"ListItem","position":1,"name":"Home","item":"https:\/\/villapalmbayguadeloupe.com\/"},{"@type":"ListItem","position":2,"name":"Reservation Inquiry","item":"https:\/\/villapalmbayguadeloupe.com\/reservation-villa-palm-bay\/"},{"@type":"ListItem","position":3,"name":"Offers"}]},{"@type":"WebSite","@id":"https:\/\/villapalmbayguadeloupe.com\/#website","url":"https:\/\/villapalmbayguadeloupe.com\/","name":"Villa Palm Bay","description":"","publisher":{"@id":"https:\/\/villapalmbayguadeloupe.com\/#organization"},"potentialAction":[{"@type":"SearchAction","target":{"@type":"EntryPoint","urlTemplate":"https:\/\/villapalmbayguadeloupe.com\/?s={search_term_string}"},"query-input":{"@type":"PropertyValueSpecification","valueRequired":true,"valueName":"search_term_string"}}],"inLanguage":"fr-FR"},{"@type":"Organization","@id":"https:\/\/villapalmbayguadeloupe.com\/#organization","name":"villa palm bay guadeloupe","url":"https:\/\/villapalmbayguadeloupe.com\/","logo":{"@type":"ImageObject","inLanguage":"fr-FR","@id":"https:\/\/villapalmbayguadeloupe.com\/#\/schema\/logo\/image\/","url":"https:\/\/villapalmbayguadeloupe.comwp-content\/uploads\/2015\/09\/000-236-e1465574945110.jpg","contentUrl":"https:\/\/villapalmbayguadeloupe.comwp-content\/uploads\/2015\/09\/000-236-e1465574945110.jpg","width":1000,"height":563,"caption":"villa palm bay guadeloupe"},"image":{"@id":"https:\/\/villapalmbayguadeloupe.com\/#\/schema\/logo\/image\/"},"sameAs":["https:\/\/www.instagram.com\/villapalmbay\/"]}]}},"_links":{"self":[{"href":"https:\/\/villapalmbayguadeloupe.com\/fr\/wp-json\/wp\/v2\/pages\/835","targetHints":{"allow":["GET"]}}],"collection":[{"href":"https:\/\/villapalmbayguadeloupe.com\/fr\/wp-json\/wp\/v2\/pages"}],"about":[{"href":"https:\/\/villapalmbayguadeloupe.com\/fr\/wp-json\/wp\/v2\/types\/page"}],"author":[{"embeddable":true,"href":"https:\/\/villapalmbayguadeloupe.com\/fr\/wp-json\/wp\/v2\/users\/1"}],"replies":[{"embeddable":true,"href":"https:\/\/villapalmbayguadeloupe.com\/fr\/wp-json\/wp\/v2\/comments?post=835"}],"version-history":[{"count":7,"href":"https:\/\/villapalmbayguadeloupe.com\/fr\/wp-json\/wp\/v2\/pages\/835\/revisions"}],"predecessor-version":[{"id":2904,"href":"https:\/\/villapalmbayguadeloupe.com\/fr\/wp-json\/wp\/v2\/pages\/835\/revisions\/2904"}],"up":[{"embeddable":true,"href":"https:\/\/villapalmbayguadeloupe.com\/fr\/wp-json\/wp\/v2\/pages\/152"}],"wp:attachment":[{"href":"https:\/\/villapalmbayguadeloupe.com\/fr\/wp-json\/wp\/v2\/media?parent=835"}],"curies":[{"name":"wp","href":"https:\/\/api.w.org\/{rel}","templated":true}]}}