{"id":2176,"date":"2024-01-24T18:10:53","date_gmt":"2024-01-24T23:10:53","guid":{"rendered":"https:\/\/villapalmbayguadeloupe.com\/?page_id=2176"},"modified":"2024-05-20T12:27:18","modified_gmt":"2024-05-20T16:27:18","slug":"services","status":"publish","type":"page","link":"https:\/\/villapalmbayguadeloupe.com\/fr\/services\/","title":{"rendered":"Nos Services"},"content":{"rendered":"<div class=\"block\">\n\t\n            \t    <div class=\"container\">\n            \t    \n                             <div class=\"row animated-content slideInLeft\">\n\t\n    \t           <div class=\"col-md-10 col-md-offset-1 animated-content slideInLeft\">\n                \t\n                \t    <h2 class=\"text-center\">Services inclus<\/h2>\n                \t    <span class=\"h2-divider\"><\/span>\n                \t    <p class=\"text-center subtitle\">Nous veillons \u00e0 votre bien-\u00eatre en vous apportant un service de qualit\u00e9, c'est l'insouciance pour vous et l'assurance d'un s\u00e9jour inoubliable tout en vous sentant comme chez vous. D\u00e8s votre arriv\u00e9e, vous \u00eates en vacances !<\/p>\n                \t    \n                   <\/div>\n                   \n               <\/div>\n            \t                \n            \t    <!-- END .container -->\n            \t    <\/div>    \n            \t\n            \t<!-- END .block -->\n            \t<\/div>\n\n\n\n<figure class=\"wp-block-gallery has-nested-images columns-default is-cropped wp-block-gallery-1 is-layout-flex wp-block-gallery-is-layout-flex\">\n<figure class=\"wp-block-image size-large\"><img loading=\"lazy\" decoding=\"async\" width=\"800\" height=\"800\" data-id=\"2185\" src=\"https:\/\/villapalmbayguadeloupe.com\/wp-content\/uploads\/2024\/01\/service_website_con-e1716222056701.jpg\" alt=\"Service included: 24\/7 concierge and hotline.\" class=\"wp-image-2185\"\/><\/figure>\n\n\n\n<figure class=\"wp-block-image size-large nfd-wb-animate nfd-wb-zoom-in\"><img loading=\"lazy\" decoding=\"async\" width=\"1600\" height=\"1600\" data-id=\"2183\" src=\"https:\/\/villapalmbayguadeloupe.com\/wp-content\/uploads\/2024\/01\/service_website_maid.jpg\" alt=\"Service included: a 3h cleaning with reset of bedrooms and bathrooms over a 8 night stay.\" class=\"wp-image-2183\" srcset=\"https:\/\/villapalmbayguadeloupe.com\/wp-content\/uploads\/2024\/01\/service_website_maid.jpg 1600w, https:\/\/villapalmbayguadeloupe.com\/wp-content\/uploads\/2024\/01\/service_website_maid-300x300.jpg 300w, https:\/\/villapalmbayguadeloupe.com\/wp-content\/uploads\/2024\/01\/service_website_maid-1024x1024.jpg 1024w, https:\/\/villapalmbayguadeloupe.com\/wp-content\/uploads\/2024\/01\/service_website_maid-150x150.jpg 150w, https:\/\/villapalmbayguadeloupe.com\/wp-content\/uploads\/2024\/01\/service_website_maid-768x768.jpg 768w, https:\/\/villapalmbayguadeloupe.com\/wp-content\/uploads\/2024\/01\/service_website_maid-1536x1536.jpg 1536w, https:\/\/villapalmbayguadeloupe.com\/wp-content\/uploads\/2024\/01\/service_website_maid-12x12.jpg 12w, https:\/\/villapalmbayguadeloupe.com\/wp-content\/uploads\/2024\/01\/service_website_maid-750x750.jpg 750w\" sizes=\"auto, (max-width: 1600px) 100vw, 1600px\" \/><\/figure>\n\n\n\n<figure class=\"wp-block-image size-large\"><img loading=\"lazy\" decoding=\"async\" width=\"800\" height=\"800\" data-id=\"2186\" src=\"https:\/\/villapalmbayguadeloupe.com\/wp-content\/uploads\/2024\/01\/service_website_yog-e1716222073364.jpg\" alt=\"Service included: Yoga mats and blocks at your disposal.\" class=\"wp-image-2186\"\/><\/figure>\n<\/figure>\n\n\n\n<p class=\"\"><\/p>\n\n\n\n<figure class=\"wp-block-gallery has-nested-images columns-default is-cropped wp-block-gallery-2 is-layout-flex wp-block-gallery-is-layout-flex\">\n<figure class=\"wp-block-image size-large\"><img loading=\"lazy\" decoding=\"async\" width=\"1024\" height=\"1024\" data-id=\"2334\" src=\"https:\/\/villapalmbayguadeloupe.com\/wp-content\/uploads\/2024\/01\/service_sup_baby2-1024x1024.jpg\" alt=\"Service included: Baby crib, high chair, pool safety fence.\" class=\"wp-image-2334\"\/><\/figure>\n\n\n\n<figure class=\"wp-block-image size-large\"><img loading=\"lazy\" decoding=\"async\" width=\"1024\" height=\"1024\" data-id=\"2189\" src=\"https:\/\/villapalmbayguadeloupe.com\/wp-content\/uploads\/2024\/01\/service_website_work-1-1024x1024.jpg\" alt=\"Service included: dedicated workspace\" class=\"wp-image-2189\"\/><\/figure>\n\n\n\n<figure class=\"wp-block-image size-large nfd-wb-animate nfd-wb-zoom-in\"><img loading=\"lazy\" decoding=\"async\" width=\"1024\" height=\"1024\" data-id=\"2192\" src=\"https:\/\/villapalmbayguadeloupe.com\/wp-content\/uploads\/2024\/01\/service_website_drinks-1024x1024.jpg\" alt=\"Service included: Fresh drinks at check in + a courtesy assortment of coffee, tea, condiments...\" class=\"wp-image-2192\"\/><\/figure>\n<\/figure>\n\n\n\n<p class=\"\"><\/p>\n\n\n\n<figure class=\"wp-block-gallery has-nested-images columns-default is-cropped wp-block-gallery-3 is-layout-flex wp-block-gallery-is-layout-flex\">\n<figure class=\"wp-block-image size-large nfd-wb-animate nfd-wb-zoom-in\"><img decoding=\"async\" data-id=\"2194\" src=\"https:\/\/villapalmbayguadeloupe.com\/wp-content\/uploads\/2024\/05\/blank-e1716221361899.jpg\" alt=\"Service included:\" class=\"wp-image-2194\"\/><\/figure>\n\n\n\n<figure class=\"wp-block-image size-large\"><img loading=\"lazy\" decoding=\"async\" width=\"1024\" height=\"1024\" data-id=\"2195\" src=\"https:\/\/villapalmbayguadeloupe.com\/wp-content\/uploads\/2024\/01\/service_website_luggage-1024x1024.jpg\" alt=\"Service included: luggage drop-off and storage\" class=\"wp-image-2195\"\/><\/figure>\n\n\n\n<figure class=\"wp-block-image size-large\"><img loading=\"lazy\" decoding=\"async\" width=\"1024\" height=\"1024\" data-id=\"2193\" src=\"https:\/\/villapalmbayguadeloupe.com\/wp-content\/uploads\/2024\/01\/service_website_parking-1024x1024.jpg\" alt=\"Service included: shaded parking.\" class=\"wp-image-2193\"\/><\/figure>\n<\/figure>\n\n\n<div class=\"block\">\n\t\n            \t    <div class=\"container\">\n            \t    \n                             <div class=\"row animated-content slideInLeft\">\n\t\n    \t           <div class=\"col-md-10 col-md-offset-1 animated-content slideInLeft\">\n                \t\n                \t    <h2 class=\"text-center\">Services A la Carte<\/h2>\n                \t    <span class=\"h2-divider\"><\/span>\n                \t    <p class=\"text-center subtitle\">(Pas inclus dans le prix)<br \/>\nDes services pour des vacances uniques et sans stress. Peut-\u00eatre avez-vous quelque \u00e0 c\u00e9l\u00e9brer?  Oubliez les contraintes nous nous occupons de vos commandes sp\u00e9ciales lors de votre s\u00e9jour ou de vos courses pour votre arriv\u00e9e.<\/p>\n                \t    \n                   <\/div>\n                   \n               <\/div>\n            \t                \n            \t    <!-- END .container -->\n            \t    <\/div>    \n            \t\n            \t<!-- END .block -->\n            \t<\/div>\n\n\n\n<figure class=\"wp-block-gallery has-nested-images columns-default is-cropped wp-block-gallery-4 is-layout-flex wp-block-gallery-is-layout-flex\">\n<figure class=\"wp-block-image size-large\"><img loading=\"lazy\" decoding=\"async\" width=\"1024\" height=\"1024\" data-id=\"2218\" src=\"https:\/\/villapalmbayguadeloupe.com\/wp-content\/uploads\/2024\/01\/service_sup_grocery-1024x1024.jpg\" alt=\"Service &quot;A la carte&quot;: your groceries will be there at your check in.\" class=\"wp-image-2218\" srcset=\"https:\/\/villapalmbayguadeloupe.com\/wp-content\/uploads\/2024\/01\/service_sup_grocery-1024x1024.jpg 1024w, https:\/\/villapalmbayguadeloupe.com\/wp-content\/uploads\/2024\/01\/service_sup_grocery-300x300.jpg 300w, https:\/\/villapalmbayguadeloupe.com\/wp-content\/uploads\/2024\/01\/service_sup_grocery-150x150.jpg 150w, https:\/\/villapalmbayguadeloupe.com\/wp-content\/uploads\/2024\/01\/service_sup_grocery-768x768.jpg 768w, https:\/\/villapalmbayguadeloupe.com\/wp-content\/uploads\/2024\/01\/service_sup_grocery-1536x1536.jpg 1536w, https:\/\/villapalmbayguadeloupe.com\/wp-content\/uploads\/2024\/01\/service_sup_grocery-12x12.jpg 12w, https:\/\/villapalmbayguadeloupe.com\/wp-content\/uploads\/2024\/01\/service_sup_grocery-750x750.jpg 750w, https:\/\/villapalmbayguadeloupe.com\/wp-content\/uploads\/2024\/01\/service_sup_grocery.jpg 1600w\" sizes=\"auto, (max-width: 1024px) 100vw, 1024px\" \/><\/a><\/figure>\n\n\n\n<figure class=\"wp-block-image size-large nfd-wb-animate nfd-wb-zoom-in\"><img loading=\"lazy\" decoding=\"async\" width=\"1024\" height=\"1024\" data-id=\"2220\" src=\"https:\/\/villapalmbayguadeloupe.com\/wp-content\/uploads\/2024\/01\/service_sup_wine-1-1024x1024.jpg\" alt=\"Service &quot;A la carte&quot;: Order wine and Champagne to have them at your check in.\" class=\"wp-image-2220\" srcset=\"https:\/\/villapalmbayguadeloupe.com\/wp-content\/uploads\/2024\/01\/service_sup_wine-1-1024x1024.jpg 1024w, https:\/\/villapalmbayguadeloupe.com\/wp-content\/uploads\/2024\/01\/service_sup_wine-1-300x300.jpg 300w, https:\/\/villapalmbayguadeloupe.com\/wp-content\/uploads\/2024\/01\/service_sup_wine-1-150x150.jpg 150w, https:\/\/villapalmbayguadeloupe.com\/wp-content\/uploads\/2024\/01\/service_sup_wine-1-768x768.jpg 768w, https:\/\/villapalmbayguadeloupe.com\/wp-content\/uploads\/2024\/01\/service_sup_wine-1-1536x1536.jpg 1536w, https:\/\/villapalmbayguadeloupe.com\/wp-content\/uploads\/2024\/01\/service_sup_wine-1-12x12.jpg 12w, https:\/\/villapalmbayguadeloupe.com\/wp-content\/uploads\/2024\/01\/service_sup_wine-1-750x750.jpg 750w, https:\/\/villapalmbayguadeloupe.com\/wp-content\/uploads\/2024\/01\/service_sup_wine-1.jpg 1600w\" sizes=\"auto, (max-width: 1024px) 100vw, 1024px\" \/><\/a><\/figure>\n\n\n\n<figure class=\"wp-block-image size-large\"><img loading=\"lazy\" decoding=\"async\" width=\"1024\" height=\"1024\" data-id=\"2219\" src=\"https:\/\/villapalmbayguadeloupe.com\/wp-content\/uploads\/2024\/01\/service_sup_massag-1024x1024.jpg\" alt=\"Service &quot;A la carte&quot;: Massage on the deck at the villa.\" class=\"wp-image-2219\" srcset=\"https:\/\/villapalmbayguadeloupe.com\/wp-content\/uploads\/2024\/01\/service_sup_massag-1024x1024.jpg 1024w, https:\/\/villapalmbayguadeloupe.com\/wp-content\/uploads\/2024\/01\/service_sup_massag-300x300.jpg 300w, https:\/\/villapalmbayguadeloupe.com\/wp-content\/uploads\/2024\/01\/service_sup_massag-150x150.jpg 150w, https:\/\/villapalmbayguadeloupe.com\/wp-content\/uploads\/2024\/01\/service_sup_massag-768x768.jpg 768w, https:\/\/villapalmbayguadeloupe.com\/wp-content\/uploads\/2024\/01\/service_sup_massag-1536x1536.jpg 1536w, https:\/\/villapalmbayguadeloupe.com\/wp-content\/uploads\/2024\/01\/service_sup_massag-12x12.jpg 12w, https:\/\/villapalmbayguadeloupe.com\/wp-content\/uploads\/2024\/01\/service_sup_massag-750x750.jpg 750w, https:\/\/villapalmbayguadeloupe.com\/wp-content\/uploads\/2024\/01\/service_sup_massag.jpg 1600w\" sizes=\"auto, (max-width: 1024px) 100vw, 1024px\" \/><\/a><\/figure>\n<\/figure>\n\n\n\n<p class=\"\"><\/p>\n\n\n\n<figure class=\"wp-block-gallery has-nested-images columns-default is-cropped wp-block-gallery-5 is-layout-flex wp-block-gallery-is-layout-flex\">\n<figure class=\"wp-block-image size-large\"><img loading=\"lazy\" decoding=\"async\" width=\"1024\" height=\"1024\" data-id=\"2215\" src=\"https:\/\/villapalmbayguadeloupe.com\/wp-content\/uploads\/2024\/01\/service_sup_chef-1024x1024.jpg\" alt=\"Service &quot;A la carte&quot;: A personal chef at the villa for your meals.\" class=\"wp-image-2215\" srcset=\"https:\/\/villapalmbayguadeloupe.com\/wp-content\/uploads\/2024\/01\/service_sup_chef-1024x1024.jpg 1024w, https:\/\/villapalmbayguadeloupe.com\/wp-content\/uploads\/2024\/01\/service_sup_chef-300x300.jpg 300w, https:\/\/villapalmbayguadeloupe.com\/wp-content\/uploads\/2024\/01\/service_sup_chef-150x150.jpg 150w, https:\/\/villapalmbayguadeloupe.com\/wp-content\/uploads\/2024\/01\/service_sup_chef-768x768.jpg 768w, https:\/\/villapalmbayguadeloupe.com\/wp-content\/uploads\/2024\/01\/service_sup_chef-1536x1536.jpg 1536w, https:\/\/villapalmbayguadeloupe.com\/wp-content\/uploads\/2024\/01\/service_sup_chef-12x12.jpg 12w, https:\/\/villapalmbayguadeloupe.com\/wp-content\/uploads\/2024\/01\/service_sup_chef-750x750.jpg 750w, https:\/\/villapalmbayguadeloupe.com\/wp-content\/uploads\/2024\/01\/service_sup_chef.jpg 1600w\" sizes=\"auto, (max-width: 1024px) 100vw, 1024px\" \/><\/a><\/figure>\n\n\n\n<figure class=\"wp-block-image size-large\"><img loading=\"lazy\" decoding=\"async\" width=\"1024\" height=\"1024\" data-id=\"2217\" src=\"https:\/\/villapalmbayguadeloupe.com\/wp-content\/uploads\/2024\/01\/service_sup_privatecar-1024x1024.jpg\" alt=\"Service &quot;A la carte&quot;: Private car from the airport to the villa.\" class=\"wp-image-2217\" srcset=\"https:\/\/villapalmbayguadeloupe.com\/wp-content\/uploads\/2024\/01\/service_sup_privatecar-1024x1024.jpg 1024w, https:\/\/villapalmbayguadeloupe.com\/wp-content\/uploads\/2024\/01\/service_sup_privatecar-300x300.jpg 300w, https:\/\/villapalmbayguadeloupe.com\/wp-content\/uploads\/2024\/01\/service_sup_privatecar-150x150.jpg 150w, https:\/\/villapalmbayguadeloupe.com\/wp-content\/uploads\/2024\/01\/service_sup_privatecar-768x768.jpg 768w, https:\/\/villapalmbayguadeloupe.com\/wp-content\/uploads\/2024\/01\/service_sup_privatecar-1536x1536.jpg 1536w, https:\/\/villapalmbayguadeloupe.com\/wp-content\/uploads\/2024\/01\/service_sup_privatecar-12x12.jpg 12w, https:\/\/villapalmbayguadeloupe.com\/wp-content\/uploads\/2024\/01\/service_sup_privatecar-750x750.jpg 750w, https:\/\/villapalmbayguadeloupe.com\/wp-content\/uploads\/2024\/01\/service_sup_privatecar.jpg 1600w\" sizes=\"auto, (max-width: 1024px) 100vw, 1024px\" \/><\/a><\/figure>\n\n\n\n<figure class=\"wp-block-image size-large\"><img loading=\"lazy\" decoding=\"async\" width=\"1024\" height=\"1024\" data-id=\"2216\" src=\"https:\/\/villapalmbayguadeloupe.com\/wp-content\/uploads\/2024\/01\/service_sup_sitting-1024x1024.jpg\" alt=\"Service &quot;A la carte&quot;: Baby sitting, we provide the contact.\" class=\"wp-image-2216\" srcset=\"https:\/\/villapalmbayguadeloupe.com\/wp-content\/uploads\/2024\/01\/service_sup_sitting-1024x1024.jpg 1024w, https:\/\/villapalmbayguadeloupe.com\/wp-content\/uploads\/2024\/01\/service_sup_sitting-300x300.jpg 300w, https:\/\/villapalmbayguadeloupe.com\/wp-content\/uploads\/2024\/01\/service_sup_sitting-150x150.jpg 150w, https:\/\/villapalmbayguadeloupe.com\/wp-content\/uploads\/2024\/01\/service_sup_sitting-768x768.jpg 768w, https:\/\/villapalmbayguadeloupe.com\/wp-content\/uploads\/2024\/01\/service_sup_sitting-1536x1536.jpg 1536w, https:\/\/villapalmbayguadeloupe.com\/wp-content\/uploads\/2024\/01\/service_sup_sitting-12x12.jpg 12w, https:\/\/villapalmbayguadeloupe.com\/wp-content\/uploads\/2024\/01\/service_sup_sitting-750x750.jpg 750w, https:\/\/villapalmbayguadeloupe.com\/wp-content\/uploads\/2024\/01\/service_sup_sitting.jpg 1600w\" sizes=\"auto, (max-width: 1024px) 100vw, 1024px\" \/><\/a><\/figure>\n<\/figure>\n\n\n\n<p class=\"\"><\/p>\n\n\n\n<div class=\"wp-block-buttons is-content-justification-center is-layout-flex wp-container-core-buttons-is-layout-16018d1d wp-block-buttons-is-layout-flex\">\n<div class=\"is-style-outline wp-block-button is-style-outline--6\"><a class=\"wp-block-button__link has-text-align-center wp-element-button\" href=\"https:\/\/villapalmbayguadeloupe.com\/fr\/reservation-villa-palm-bay\/\" target=\"_blank\" rel=\"noreferrer noopener\">Contactez-nous<\/a><\/div>\n<\/div>\n\n\n\n<p class=\"\">*non inclus au-del\u00e0 de 4 personnes<\/p>","protected":false},"excerpt":{"rendered":"<p>*non inclus au-del\u00e0 de 4 personnes<\/p>","protected":false},"author":1,"featured_media":0,"parent":0,"menu_order":0,"comment_status":"closed","ping_status":"closed","template":"","meta":{"footnotes":""},"class_list":["post-2176","page","type-page","status-publish","hentry"],"yoast_head":"<!-- This site is optimized with the Yoast SEO plugin v27.4 - https:\/\/yoast.com\/product\/yoast-seo-wordpress\/ -->\n<title>Our Services - VillaPalmBay<\/title>\n<meta name=\"robots\" content=\"index, follow, max-snippet:-1, max-image-preview:large, max-video-preview:-1\" \/>\n<link rel=\"canonical\" href=\"https:\/\/villapalmbayguadeloupe.com\/fr\/services\/\" \/>\n<meta property=\"og:locale\" content=\"fr_FR\" \/>\n<meta property=\"og:type\" content=\"article\" \/>\n<meta property=\"og:title\" content=\"Our Services - VillaPalmBay\" \/>\n<meta property=\"og:description\" content=\"*not included over 4 people\" \/>\n<meta property=\"og:url\" content=\"https:\/\/villapalmbayguadeloupe.com\/fr\/services\/\" \/>\n<meta property=\"og:site_name\" content=\"VillaPalmBay\" \/>\n<meta property=\"article:modified_time\" content=\"2024-05-20T16:27:18+00:00\" \/>\n<meta property=\"og:image\" content=\"https:\/\/villapalmbayguadeloupe.com\/wp-content\/uploads\/2024\/01\/service_website_con-e1716222056701.jpg\" \/>\n<meta name=\"twitter:card\" content=\"summary_large_image\" \/>\n<meta name=\"twitter:label1\" content=\"Dur\u00e9e de lecture estim\u00e9e\" \/>\n\t<meta name=\"twitter:data1\" content=\"1 minute\" \/>\n<script type=\"application\/ld+json\" class=\"yoast-schema-graph\">{\"@context\":\"https:\\\/\\\/schema.org\",\"@graph\":[{\"@type\":\"WebPage\",\"@id\":\"https:\\\/\\\/villapalmbayguadeloupe.com\\\/services\\\/\",\"url\":\"https:\\\/\\\/villapalmbayguadeloupe.com\\\/services\\\/\",\"name\":\"Our Services - VillaPalmBay\",\"isPartOf\":{\"@id\":\"https:\\\/\\\/villapalmbayguadeloupe.com\\\/#website\"},\"primaryImageOfPage\":{\"@id\":\"https:\\\/\\\/villapalmbayguadeloupe.com\\\/services\\\/#primaryimage\"},\"image\":{\"@id\":\"https:\\\/\\\/villapalmbayguadeloupe.com\\\/services\\\/#primaryimage\"},\"thumbnailUrl\":\"https:\\\/\\\/villapalmbayguadeloupe.com\\\/wp-content\\\/uploads\\\/2024\\\/01\\\/service_website_con-e1716222056701.jpg\",\"datePublished\":\"2024-01-24T23:10:53+00:00\",\"dateModified\":\"2024-05-20T16:27:18+00:00\",\"breadcrumb\":{\"@id\":\"https:\\\/\\\/villapalmbayguadeloupe.com\\\/services\\\/#breadcrumb\"},\"inLanguage\":\"fr-FR\",\"potentialAction\":[{\"@type\":\"ReadAction\",\"target\":[\"https:\\\/\\\/villapalmbayguadeloupe.com\\\/services\\\/\"]}]},{\"@type\":\"ImageObject\",\"inLanguage\":\"fr-FR\",\"@id\":\"https:\\\/\\\/villapalmbayguadeloupe.com\\\/services\\\/#primaryimage\",\"url\":\"https:\\\/\\\/villapalmbayguadeloupe.com\\\/wp-content\\\/uploads\\\/2024\\\/01\\\/service_website_con-e1716222056701.jpg\",\"contentUrl\":\"https:\\\/\\\/villapalmbayguadeloupe.com\\\/wp-content\\\/uploads\\\/2024\\\/01\\\/service_website_con-e1716222056701.jpg\"},{\"@type\":\"BreadcrumbList\",\"@id\":\"https:\\\/\\\/villapalmbayguadeloupe.com\\\/services\\\/#breadcrumb\",\"itemListElement\":[{\"@type\":\"ListItem\",\"position\":1,\"name\":\"Home\",\"item\":\"https:\\\/\\\/villapalmbayguadeloupe.com\\\/\"},{\"@type\":\"ListItem\",\"position\":2,\"name\":\"Our Services\"}]},{\"@type\":\"WebSite\",\"@id\":\"https:\\\/\\\/villapalmbayguadeloupe.com\\\/#website\",\"url\":\"https:\\\/\\\/villapalmbayguadeloupe.com\\\/\",\"name\":\"Villa Palm Bay\",\"description\":\"\",\"publisher\":{\"@id\":\"https:\\\/\\\/villapalmbayguadeloupe.com\\\/#organization\"},\"potentialAction\":[{\"@type\":\"SearchAction\",\"target\":{\"@type\":\"EntryPoint\",\"urlTemplate\":\"https:\\\/\\\/villapalmbayguadeloupe.com\\\/?s={search_term_string}\"},\"query-input\":{\"@type\":\"PropertyValueSpecification\",\"valueRequired\":true,\"valueName\":\"search_term_string\"}}],\"inLanguage\":\"fr-FR\"},{\"@type\":\"Organization\",\"@id\":\"https:\\\/\\\/villapalmbayguadeloupe.com\\\/#organization\",\"name\":\"villa palm bay guadeloupe\",\"url\":\"https:\\\/\\\/villapalmbayguadeloupe.com\\\/\",\"logo\":{\"@type\":\"ImageObject\",\"inLanguage\":\"fr-FR\",\"@id\":\"https:\\\/\\\/villapalmbayguadeloupe.com\\\/#\\\/schema\\\/logo\\\/image\\\/\",\"url\":\"https:\\\/\\\/villapalmbayguadeloupe.comwp-content\\\/uploads\\\/2015\\\/09\\\/000-236-e1465574945110.jpg\",\"contentUrl\":\"https:\\\/\\\/villapalmbayguadeloupe.comwp-content\\\/uploads\\\/2015\\\/09\\\/000-236-e1465574945110.jpg\",\"width\":1000,\"height\":563,\"caption\":\"villa palm bay guadeloupe\"},\"image\":{\"@id\":\"https:\\\/\\\/villapalmbayguadeloupe.com\\\/#\\\/schema\\\/logo\\\/image\\\/\"},\"sameAs\":[\"https:\\\/\\\/www.instagram.com\\\/villapalmbay\\\/\"]}]}<\/script>\n<!-- \/ Yoast SEO plugin. -->","yoast_head_json":{"title":"Our Services - VillaPalmBay","robots":{"index":"index","follow":"follow","max-snippet":"max-snippet:-1","max-image-preview":"max-image-preview:large","max-video-preview":"max-video-preview:-1"},"canonical":"https:\/\/villapalmbayguadeloupe.com\/fr\/services\/","og_locale":"fr_FR","og_type":"article","og_title":"Our Services - VillaPalmBay","og_description":"*not included over 4 people","og_url":"https:\/\/villapalmbayguadeloupe.com\/fr\/services\/","og_site_name":"VillaPalmBay","article_modified_time":"2024-05-20T16:27:18+00:00","og_image":[{"url":"https:\/\/villapalmbayguadeloupe.com\/wp-content\/uploads\/2024\/01\/service_website_con-e1716222056701.jpg","type":"","width":"","height":""}],"twitter_card":"summary_large_image","twitter_misc":{"Dur\u00e9e de lecture estim\u00e9e":"1 minute"},"schema":{"@context":"https:\/\/schema.org","@graph":[{"@type":"WebPage","@id":"https:\/\/villapalmbayguadeloupe.com\/services\/","url":"https:\/\/villapalmbayguadeloupe.com\/services\/","name":"Our Services - VillaPalmBay","isPartOf":{"@id":"https:\/\/villapalmbayguadeloupe.com\/#website"},"primaryImageOfPage":{"@id":"https:\/\/villapalmbayguadeloupe.com\/services\/#primaryimage"},"image":{"@id":"https:\/\/villapalmbayguadeloupe.com\/services\/#primaryimage"},"thumbnailUrl":"https:\/\/villapalmbayguadeloupe.com\/wp-content\/uploads\/2024\/01\/service_website_con-e1716222056701.jpg","datePublished":"2024-01-24T23:10:53+00:00","dateModified":"2024-05-20T16:27:18+00:00","breadcrumb":{"@id":"https:\/\/villapalmbayguadeloupe.com\/services\/#breadcrumb"},"inLanguage":"fr-FR","potentialAction":[{"@type":"ReadAction","target":["https:\/\/villapalmbayguadeloupe.com\/services\/"]}]},{"@type":"ImageObject","inLanguage":"fr-FR","@id":"https:\/\/villapalmbayguadeloupe.com\/services\/#primaryimage","url":"https:\/\/villapalmbayguadeloupe.com\/wp-content\/uploads\/2024\/01\/service_website_con-e1716222056701.jpg","contentUrl":"https:\/\/villapalmbayguadeloupe.com\/wp-content\/uploads\/2024\/01\/service_website_con-e1716222056701.jpg"},{"@type":"BreadcrumbList","@id":"https:\/\/villapalmbayguadeloupe.com\/services\/#breadcrumb","itemListElement":[{"@type":"ListItem","position":1,"name":"Home","item":"https:\/\/villapalmbayguadeloupe.com\/"},{"@type":"ListItem","position":2,"name":"Our Services"}]},{"@type":"WebSite","@id":"https:\/\/villapalmbayguadeloupe.com\/#website","url":"https:\/\/villapalmbayguadeloupe.com\/","name":"Villa Palm Bay","description":"","publisher":{"@id":"https:\/\/villapalmbayguadeloupe.com\/#organization"},"potentialAction":[{"@type":"SearchAction","target":{"@type":"EntryPoint","urlTemplate":"https:\/\/villapalmbayguadeloupe.com\/?s={search_term_string}"},"query-input":{"@type":"PropertyValueSpecification","valueRequired":true,"valueName":"search_term_string"}}],"inLanguage":"fr-FR"},{"@type":"Organization","@id":"https:\/\/villapalmbayguadeloupe.com\/#organization","name":"villa palm bay guadeloupe","url":"https:\/\/villapalmbayguadeloupe.com\/","logo":{"@type":"ImageObject","inLanguage":"fr-FR","@id":"https:\/\/villapalmbayguadeloupe.com\/#\/schema\/logo\/image\/","url":"https:\/\/villapalmbayguadeloupe.comwp-content\/uploads\/2015\/09\/000-236-e1465574945110.jpg","contentUrl":"https:\/\/villapalmbayguadeloupe.comwp-content\/uploads\/2015\/09\/000-236-e1465574945110.jpg","width":1000,"height":563,"caption":"villa palm bay guadeloupe"},"image":{"@id":"https:\/\/villapalmbayguadeloupe.com\/#\/schema\/logo\/image\/"},"sameAs":["https:\/\/www.instagram.com\/villapalmbay\/"]}]}},"_links":{"self":[{"href":"https:\/\/villapalmbayguadeloupe.com\/fr\/wp-json\/wp\/v2\/pages\/2176","targetHints":{"allow":["GET"]}}],"collection":[{"href":"https:\/\/villapalmbayguadeloupe.com\/fr\/wp-json\/wp\/v2\/pages"}],"about":[{"href":"https:\/\/villapalmbayguadeloupe.com\/fr\/wp-json\/wp\/v2\/types\/page"}],"author":[{"embeddable":true,"href":"https:\/\/villapalmbayguadeloupe.com\/fr\/wp-json\/wp\/v2\/users\/1"}],"replies":[{"embeddable":true,"href":"https:\/\/villapalmbayguadeloupe.com\/fr\/wp-json\/wp\/v2\/comments?post=2176"}],"version-history":[{"count":4,"href":"https:\/\/villapalmbayguadeloupe.com\/fr\/wp-json\/wp\/v2\/pages\/2176\/revisions"}],"predecessor-version":[{"id":2782,"href":"https:\/\/villapalmbayguadeloupe.com\/fr\/wp-json\/wp\/v2\/pages\/2176\/revisions\/2782"}],"wp:attachment":[{"href":"https:\/\/villapalmbayguadeloupe.com\/fr\/wp-json\/wp\/v2\/media?parent=2176"}],"curies":[{"name":"wp","href":"https:\/\/api.w.org\/{rel}","templated":true}]}}